{"id":639418,"date":"2024-07-02T21:21:53","date_gmt":"2024-07-02T20:21:53","guid":{"rendered":"https:\/\/loja.patrimoniocultural.gov.pt\/produto\/a-nau-catrineta-ensaio-de-interpretacao-historica-2\/"},"modified":"2024-08-06T22:16:15","modified_gmt":"2024-08-06T21:16:15","slug":"a-nau-catrineta-ensaio-de-interpretacao-historica-2","status":"publish","type":"product","link":"https:\/\/loja.patrimoniocultural.gov.pt\/en\/product\/a-nau-catrineta-ensaio-de-interpretacao-historica-2\/","title":{"rendered":"A Nau Catrineta: Ensaio de Interpreta\u00e7\u00e3o Hist\u00f3rica"},"content":{"rendered":"<p><span>182 p. | 24 cm.&nbsp;<\/span><\/p>\n","protected":false},"excerpt":{"rendered":"<p><label class=\"titulo\"><span>Fernando de Castro Pires de Lima; pref. Dami&atilde;o Peres; pr&oacute;l. Ramon Men&eacute;ndez Pidal. &#8211; Lisboa: Portucalense Editora, 1954. &#8211; Cole&ccedil;&atilde;o Etnol&oacute;gica e Etnogr&aacute;fica<\/span><\/label><\/p>\n","protected":false},"featured_media":639581,"template":"","meta":[],"product_brand":[],"product_cat":[654,853],"product_tag":[894],"colecao":[],"class_list":{"0":"post-639418","1":"product","2":"type-product","3":"status-publish","4":"has-post-thumbnail","6":"product_cat-001-books-en","7":"product_cat-001-007-livros-raros-en","8":"product_tag-rare-books","10":"first","11":"instock","12":"taxable","13":"shipping-taxable","14":"purchasable","15":"product-type-simple"},"_links":{"self":[{"href":"https:\/\/loja.patrimoniocultural.gov.pt\/en\/wp-json\/wp\/v2\/product\/639418","targetHints":{"allow":["GET"]}}],"collection":[{"href":"https:\/\/loja.patrimoniocultural.gov.pt\/en\/wp-json\/wp\/v2\/product"}],"about":[{"href":"https:\/\/loja.patrimoniocultural.gov.pt\/en\/wp-json\/wp\/v2\/types\/product"}],"wp:featuredmedia":[{"embeddable":true,"href":"https:\/\/loja.patrimoniocultural.gov.pt\/en\/wp-json\/wp\/v2\/media\/639581"}],"wp:attachment":[{"href":"https:\/\/loja.patrimoniocultural.gov.pt\/en\/wp-json\/wp\/v2\/media?parent=639418"}],"wp:term":[{"taxonomy":"product_brand","embeddable":true,"href":"https:\/\/loja.patrimoniocultural.gov.pt\/en\/wp-json\/wp\/v2\/product_brand?post=639418"},{"taxonomy":"product_cat","embeddable":true,"href":"https:\/\/loja.patrimoniocultural.gov.pt\/en\/wp-json\/wp\/v2\/product_cat?post=639418"},{"taxonomy":"product_tag","embeddable":true,"href":"https:\/\/loja.patrimoniocultural.gov.pt\/en\/wp-json\/wp\/v2\/product_tag?post=639418"},{"taxonomy":"colecao","embeddable":true,"href":"https:\/\/loja.patrimoniocultural.gov.pt\/en\/wp-json\/wp\/v2\/colecao?post=639418"}],"curies":[{"name":"wp","href":"https:\/\/api.w.org\/{rel}","templated":true}]}}